{"id":980,"date":"1990-08-06T00:00:04","date_gmt":"1990-08-06T00:00:04","guid":{"rendered":"https:\/\/triallibreria.eu\/publicacion\/supercaixa-supermulta\/"},"modified":"1990-08-28T00:00:04","modified_gmt":"1990-08-28T00:00:04","slug":"supercaixa-supermulta-2","status":"publish","type":"product","link":"https:\/\/triallibreria.eu\/ca\/publicacio\/supercaixa-supermulta-2\/","title":{"rendered":"Supercaixa: supermulta!"},"content":{"rendered":"<p>Despr\u00e9s de la fusi\u00f3, el batac\u00e0s: el ministeri d&#8217;Economia ha decidit imposar una sanci\u00f3 de 100.000 milions pel frau de les primes \u00faniques. Vilarasau, a la corda fluixa.<\/p>\n","protected":false},"excerpt":{"rendered":"<p>Despr\u00e9s de la fusi\u00f3, el batac\u00e0s: el ministeri d&#8217;Economia ha decidit imposar una sanci\u00f3 de 100.000 milions pel frau de les primes \u00faniques. Vilarasau, a la corda fluixa.<\/p>\n","protected":false},"featured_media":979,"comment_status":"open","ping_status":"closed","template":"","meta":{"_acf_changed":false},"product_brand":[],"product_cat":[37],"product_tag":[],"class_list":{"0":"post-980","1":"product","2":"type-product","3":"status-publish","4":"has-post-thumbnail","6":"product_cat-el-triangle-ca","8":"first","9":"instock","10":"virtual","11":"sold-individually","12":"taxable","13":"purchasable","14":"product-type-simple"},"acf":[],"_links":{"self":[{"href":"https:\/\/triallibreria.eu\/ca\/wp-json\/wp\/v2\/product\/980","targetHints":{"allow":["GET"]}}],"collection":[{"href":"https:\/\/triallibreria.eu\/ca\/wp-json\/wp\/v2\/product"}],"about":[{"href":"https:\/\/triallibreria.eu\/ca\/wp-json\/wp\/v2\/types\/product"}],"replies":[{"embeddable":true,"href":"https:\/\/triallibreria.eu\/ca\/wp-json\/wp\/v2\/comments?post=980"}],"wp:featuredmedia":[{"embeddable":true,"href":"https:\/\/triallibreria.eu\/ca\/wp-json\/wp\/v2\/media\/979"}],"wp:attachment":[{"href":"https:\/\/triallibreria.eu\/ca\/wp-json\/wp\/v2\/media?parent=980"}],"wp:term":[{"taxonomy":"product_brand","embeddable":true,"href":"https:\/\/triallibreria.eu\/ca\/wp-json\/wp\/v2\/product_brand?post=980"},{"taxonomy":"product_cat","embeddable":true,"href":"https:\/\/triallibreria.eu\/ca\/wp-json\/wp\/v2\/product_cat?post=980"},{"taxonomy":"product_tag","embeddable":true,"href":"https:\/\/triallibreria.eu\/ca\/wp-json\/wp\/v2\/product_tag?post=980"}],"curies":[{"name":"wp","href":"https:\/\/api.w.org\/{rel}","templated":true}]}}