{"id":959,"date":"1990-07-02T00:00:54","date_gmt":"1990-07-02T00:00:54","guid":{"rendered":"https:\/\/triallibreria.eu\/publicacion\/bonica-butxaques-stop\/"},"modified":"1990-07-02T00:00:54","modified_gmt":"1990-07-02T00:00:54","slug":"encura-butxaques-stop-2","status":"publish","type":"product","link":"https:\/\/triallibreria.eu\/ca\/publicacio\/encura-butxaques-stop-2\/","title":{"rendered":"Bonica-butxaques STOP!"},"content":{"rendered":"<p>El Congr\u00e9s dels Diputats acaba d&#8217;imposar una forta penalitzaci\u00f3 fiscal als maquinets de treure diners. Fabricants, operadors i bars veuen com aquest pr\u00f2sper negoci se&#8217;n va a orris.<\/p>\n","protected":false},"excerpt":{"rendered":"<p>El Congr\u00e9s dels Diputats acaba d&#8217;imposar una forta penalitzaci\u00f3 fiscal als maquinets de treure diners. Fabricants, operadors i bars veuen com aquest pr\u00f2sper negoci se&#8217;n va a orris.<\/p>\n","protected":false},"featured_media":958,"comment_status":"open","ping_status":"closed","template":"","meta":{"_acf_changed":false},"product_brand":[],"product_cat":[37],"product_tag":[],"class_list":{"0":"post-959","1":"product","2":"type-product","3":"status-publish","4":"has-post-thumbnail","6":"product_cat-el-triangle-ca","8":"first","9":"instock","10":"virtual","11":"sold-individually","12":"taxable","13":"purchasable","14":"product-type-simple"},"acf":[],"_links":{"self":[{"href":"https:\/\/triallibreria.eu\/ca\/wp-json\/wp\/v2\/product\/959","targetHints":{"allow":["GET"]}}],"collection":[{"href":"https:\/\/triallibreria.eu\/ca\/wp-json\/wp\/v2\/product"}],"about":[{"href":"https:\/\/triallibreria.eu\/ca\/wp-json\/wp\/v2\/types\/product"}],"replies":[{"embeddable":true,"href":"https:\/\/triallibreria.eu\/ca\/wp-json\/wp\/v2\/comments?post=959"}],"wp:featuredmedia":[{"embeddable":true,"href":"https:\/\/triallibreria.eu\/ca\/wp-json\/wp\/v2\/media\/958"}],"wp:attachment":[{"href":"https:\/\/triallibreria.eu\/ca\/wp-json\/wp\/v2\/media?parent=959"}],"wp:term":[{"taxonomy":"product_brand","embeddable":true,"href":"https:\/\/triallibreria.eu\/ca\/wp-json\/wp\/v2\/product_brand?post=959"},{"taxonomy":"product_cat","embeddable":true,"href":"https:\/\/triallibreria.eu\/ca\/wp-json\/wp\/v2\/product_cat?post=959"},{"taxonomy":"product_tag","embeddable":true,"href":"https:\/\/triallibreria.eu\/ca\/wp-json\/wp\/v2\/product_tag?post=959"}],"curies":[{"name":"wp","href":"https:\/\/api.w.org\/{rel}","templated":true}]}}