{"id":943,"date":"1990-06-11T00:00:20","date_gmt":"1990-06-11T00:00:20","guid":{"rendered":"https:\/\/triallibreria.eu\/publicacion\/tv3-censura-lalbert-pla\/"},"modified":"1990-06-11T00:00:20","modified_gmt":"1990-06-11T00:00:20","slug":"tv3-censura-lalbert-pla-2","status":"publish","type":"product","link":"https:\/\/triallibreria.eu\/ca\/publicacio\/tv3-censura-lalbert-pla-2\/","title":{"rendered":"TV3 censura l&#8217;Albert Pla!"},"content":{"rendered":"<p>L&#8217;aparici\u00f3 d&#8217;un t\u00e0mpax al videoclip promocional del cantant espanta els directius de la televisi\u00f3 auton\u00f2mica. La sensibilitat de Catalunya, a flor (d&#8217;Hidroplant) de pell.<\/p>\n","protected":false},"excerpt":{"rendered":"<p>L&#8217;aparici\u00f3 d&#8217;un t\u00e0mpax al videoclip promocional del cantant espanta els directius de la televisi\u00f3 auton\u00f2mica. La sensibilitat de Catalunya, a flor (d&#8217;Hidroplant) de pell.<\/p>\n","protected":false},"featured_media":942,"comment_status":"open","ping_status":"closed","template":"","meta":{"_acf_changed":false},"product_brand":[],"product_cat":[37],"product_tag":[],"class_list":{"0":"post-943","1":"product","2":"type-product","3":"status-publish","4":"has-post-thumbnail","6":"product_cat-el-triangle-ca","8":"first","9":"instock","10":"virtual","11":"sold-individually","12":"taxable","13":"purchasable","14":"product-type-simple"},"acf":[],"_links":{"self":[{"href":"https:\/\/triallibreria.eu\/ca\/wp-json\/wp\/v2\/product\/943","targetHints":{"allow":["GET"]}}],"collection":[{"href":"https:\/\/triallibreria.eu\/ca\/wp-json\/wp\/v2\/product"}],"about":[{"href":"https:\/\/triallibreria.eu\/ca\/wp-json\/wp\/v2\/types\/product"}],"replies":[{"embeddable":true,"href":"https:\/\/triallibreria.eu\/ca\/wp-json\/wp\/v2\/comments?post=943"}],"wp:featuredmedia":[{"embeddable":true,"href":"https:\/\/triallibreria.eu\/ca\/wp-json\/wp\/v2\/media\/942"}],"wp:attachment":[{"href":"https:\/\/triallibreria.eu\/ca\/wp-json\/wp\/v2\/media?parent=943"}],"wp:term":[{"taxonomy":"product_brand","embeddable":true,"href":"https:\/\/triallibreria.eu\/ca\/wp-json\/wp\/v2\/product_brand?post=943"},{"taxonomy":"product_cat","embeddable":true,"href":"https:\/\/triallibreria.eu\/ca\/wp-json\/wp\/v2\/product_cat?post=943"},{"taxonomy":"product_tag","embeddable":true,"href":"https:\/\/triallibreria.eu\/ca\/wp-json\/wp\/v2\/product_tag?post=943"}],"curies":[{"name":"wp","href":"https:\/\/api.w.org\/{rel}","templated":true}]}}