{"id":8175,"date":"2024-04-05T10:48:26","date_gmt":"2024-04-05T10:48:26","guid":{"rendered":"https:\/\/triallibreria.eu\/?post_type=product&#038;p=8175"},"modified":"2026-02-04T10:15:32","modified_gmt":"2026-02-04T09:15:32","slug":"lusitania-en-el-horizonte","status":"publish","type":"product","link":"https:\/\/triallibreria.eu\/ca\/publicacio\/lusitania-en-el-horizonte\/","title":{"rendered":"LUSITANIA EN EL HORIZONTE"},"content":{"rendered":"<p><i><b>Lusitania en el horizonte<\/b><\/i> acull una triple significaci\u00f3. La primera l&#8217;ent\u00e9n com una d&#8217;aquelles prov\u00edncies en qu\u00e8 els romans van dividir la pen\u00ednsula ib\u00e8rica, la segona fixa la seva identificaci\u00f3 amb Portugal des del Renaixement i la tercera \u00e9s la que vol reorientar i recuperar el terme per a un futur com\u00fa entre regions que fa massa temps que estan separades per la frontera.<\/p>\n<p>El llibre recopila articles publicats al diari digital <em>Eltrapezio.eu<\/em> amb oportunes actualitzacions i novetats.<\/p>\n<p><strong>IDIOMA<\/strong><\/p>\n<p>CASTELL\u00c0<\/p>\n<p><strong>ISBN<\/strong><\/p>\n<p>978-84-09-60092-2<\/p>\n<p><strong>194 P\u00c0GINES<\/strong><\/p>\n<p><strong> EDICI\u00d3 TAPA TOVA<\/strong><\/p>\n","protected":false},"excerpt":{"rendered":"<p>Lusitania en el horizonte acull una triple significaci\u00f3. La primera l&#8217;ent\u00e9n com una d&#8217;aquelles prov\u00edncies en qu\u00e8 els romans van dividir la pen\u00ednsula ib\u00e8rica, la segona fixa la seva identificaci\u00f3 amb Portugal des del Renaixement i la tercera \u00e9s la que vol reorientar i recuperar el terme per a un futur com\u00fa entre regions que &#8230; <a title=\"LUSITANIA EN EL HORIZONTE\" class=\"read-more\" href=\"https:\/\/triallibreria.eu\/ca\/publicacio\/lusitania-en-el-horizonte\/\" aria-label=\"M\u00e9s informaci\u00f3 sobre LUSITANIA EN EL HORIZONTE\">Llegiu m\u00e9s<\/a><\/p>\n","protected":false},"featured_media":8174,"comment_status":"open","ping_status":"closed","template":"","meta":{"_acf_changed":false},"product_brand":[],"product_cat":[35],"product_tag":[],"class_list":{"0":"post-8175","1":"product","2":"type-product","3":"status-publish","4":"has-post-thumbnail","6":"product_cat-llibres","8":"first","9":"instock","10":"taxable","11":"shipping-taxable","12":"purchasable","13":"product-type-simple"},"acf":[],"_links":{"self":[{"href":"https:\/\/triallibreria.eu\/ca\/wp-json\/wp\/v2\/product\/8175","targetHints":{"allow":["GET"]}}],"collection":[{"href":"https:\/\/triallibreria.eu\/ca\/wp-json\/wp\/v2\/product"}],"about":[{"href":"https:\/\/triallibreria.eu\/ca\/wp-json\/wp\/v2\/types\/product"}],"replies":[{"embeddable":true,"href":"https:\/\/triallibreria.eu\/ca\/wp-json\/wp\/v2\/comments?post=8175"}],"wp:featuredmedia":[{"embeddable":true,"href":"https:\/\/triallibreria.eu\/ca\/wp-json\/wp\/v2\/media\/8174"}],"wp:attachment":[{"href":"https:\/\/triallibreria.eu\/ca\/wp-json\/wp\/v2\/media?parent=8175"}],"wp:term":[{"taxonomy":"product_brand","embeddable":true,"href":"https:\/\/triallibreria.eu\/ca\/wp-json\/wp\/v2\/product_brand?post=8175"},{"taxonomy":"product_cat","embeddable":true,"href":"https:\/\/triallibreria.eu\/ca\/wp-json\/wp\/v2\/product_cat?post=8175"},{"taxonomy":"product_tag","embeddable":true,"href":"https:\/\/triallibreria.eu\/ca\/wp-json\/wp\/v2\/product_tag?post=8175"}],"curies":[{"name":"wp","href":"https:\/\/api.w.org\/{rel}","templated":true}]}}