{"id":7226,"date":"2023-05-22T10:00:02","date_gmt":"2023-05-22T10:00:02","guid":{"rendered":"https:\/\/triallibreria.eu\/publicacion\/sos-eixample-colau-vs-cerda\/"},"modified":"2023-05-24T09:41:51","modified_gmt":"2023-05-24T09:41:51","slug":"sos-eixample-colau-vs-cerda","status":"publish","type":"product","link":"https:\/\/triallibreria.eu\/ca\/publicacio\/sos-eixample-colau-vs-cerda\/","title":{"rendered":"SOS EIXAMPLE: COLAU VS CERD\u00c0"},"content":{"rendered":"<p><b><i>SOS Eixample. Colau vs. Cerd\u00e0<\/i><\/b><span style=\"font-weight: 400;\"> \u00e9s un llibre de den\u00fancia dels disbarats urban\u00edstics que ha fet l\u2019Ajuntament de Barcelona contra la trama vi\u00e0ria d\u2019aquest barri, que \u00e9s el cor de l\u2019activitat de la ciutat.<\/span><\/p>\n<p><span style=\"font-weight: 400;\">Compta amb els testimonis de l\u2019urbanista Amador Ferrer i de l\u2019advocat Ram\u00f3n Garc\u00eda-Bragado.\u00a0<\/span><\/p>\n<p><span style=\"font-weight: 400;\">Ada Colau i els seus \u201cjanets\u201d han culminat la sistem\u00e0tica destrucci\u00f3 del projecte de la Nova Barcelona que ens va llegar l\u2019il\u00b7lustre ma\u00e7\u00f3 Ildefons Cerd\u00e0.\u00a0 <\/span><\/p>\n<p><strong>IDIOMA<\/strong><\/p>\n<p>CATAL\u00c0<\/p>\n<p><strong>ISBN<\/strong><\/p>\n<p>978-84-09-51230-0<\/p>\n<p><strong>148 P\u00c0GINES<\/strong><\/p>\n<p><strong>TAPA TOVA<\/strong><\/p>\n","protected":false},"excerpt":{"rendered":"<p>SOS Eixample. Colau vs. Cerd\u00e0 \u00e9s un llibre de den\u00fancia dels disbarats urban\u00edstics que ha fet l\u2019Ajuntament de Barcelona contra la trama vi\u00e0ria d\u2019aquest barri, que \u00e9s el cor de l\u2019activitat de la ciutat. Compta amb els testimonis de l\u2019urbanista Amador Ferrer i de l\u2019advocat Ram\u00f3n Garc\u00eda-Bragado.\u00a0 Ada Colau i els seus \u201cjanets\u201d han culminat &#8230; <a title=\"SOS EIXAMPLE: COLAU VS CERD\u00c0\" class=\"read-more\" href=\"https:\/\/triallibreria.eu\/ca\/publicacio\/sos-eixample-colau-vs-cerda\/\" aria-label=\"M\u00e9s informaci\u00f3 sobre SOS EIXAMPLE: COLAU VS CERD\u00c0\">Llegiu m\u00e9s<\/a><\/p>\n","protected":false},"featured_media":7232,"comment_status":"open","ping_status":"closed","template":"","meta":{"_acf_changed":false},"product_brand":[],"product_cat":[35],"product_tag":[],"class_list":{"0":"post-7226","1":"product","2":"type-product","3":"status-publish","4":"has-post-thumbnail","6":"product_cat-llibres","8":"first","9":"instock","10":"taxable","11":"shipping-taxable","12":"purchasable","13":"product-type-simple"},"acf":[],"_links":{"self":[{"href":"https:\/\/triallibreria.eu\/ca\/wp-json\/wp\/v2\/product\/7226","targetHints":{"allow":["GET"]}}],"collection":[{"href":"https:\/\/triallibreria.eu\/ca\/wp-json\/wp\/v2\/product"}],"about":[{"href":"https:\/\/triallibreria.eu\/ca\/wp-json\/wp\/v2\/types\/product"}],"replies":[{"embeddable":true,"href":"https:\/\/triallibreria.eu\/ca\/wp-json\/wp\/v2\/comments?post=7226"}],"wp:featuredmedia":[{"embeddable":true,"href":"https:\/\/triallibreria.eu\/ca\/wp-json\/wp\/v2\/media\/7232"}],"wp:attachment":[{"href":"https:\/\/triallibreria.eu\/ca\/wp-json\/wp\/v2\/media?parent=7226"}],"wp:term":[{"taxonomy":"product_brand","embeddable":true,"href":"https:\/\/triallibreria.eu\/ca\/wp-json\/wp\/v2\/product_brand?post=7226"},{"taxonomy":"product_cat","embeddable":true,"href":"https:\/\/triallibreria.eu\/ca\/wp-json\/wp\/v2\/product_cat?post=7226"},{"taxonomy":"product_tag","embeddable":true,"href":"https:\/\/triallibreria.eu\/ca\/wp-json\/wp\/v2\/product_tag?post=7226"}],"curies":[{"name":"wp","href":"https:\/\/api.w.org\/{rel}","templated":true}]}}