{"id":7042,"date":"2023-04-28T07:28:54","date_gmt":"2023-04-28T07:28:54","guid":{"rendered":"https:\/\/triallibreria.eu\/publicacion\/espanya-i-portugal-una-nova-estrategia-iberica\/"},"modified":"2023-05-15T11:05:25","modified_gmt":"2023-05-15T11:05:25","slug":"espana-i-portugal-una-nova-estrategia-iberica","status":"publish","type":"product","link":"https:\/\/triallibreria.eu\/ca\/publicacio\/espana-i-portugal-una-nova-estrategia-iberica\/","title":{"rendered":"ESPANYA I PORTUGAL: UNA NOVA ESTRAT\u00c8GIA IB\u00c8RICA"},"content":{"rendered":"<p>Nou llibre d&#8217;EL TRAPEZIO que inclou el nou Tractat d&#8217;Amistat signat a Trujillo el 2021 i l&#8217;Estrat\u00e8gia Comuna de Desenvolupament Transfronterer subscrita el 2020 entre Espanya i Portugal.<\/p>\n<p>Introducci\u00f3 signada per Pablo Castro Abad, Jaume Reixach Riba i Pablo Gonz\u00e1lez Velasco, on es comenten tots dos textos oficials que suposen de facto un marc jur\u00eddic iberista, una nova estrat\u00e8gia entre Espanya i Portugal. \u00c9s important que la societat civil ib\u00e8rica en reclami el compliment i que els agents privats i p\u00fablics coneguin aquests textos.<\/p>\n<p><strong>IDIOMA<\/strong><\/p>\n<p>castell\u00e0 &#8211; portugu\u00e8s<\/p>\n<p><strong>ISBN<\/strong><\/p>\n<p>9788409496884<\/p>\n<p><strong>136 P\u00c0GINES<\/strong><\/p>\n<p><strong>TAPA TOVA<\/strong><\/p>\n","protected":false},"excerpt":{"rendered":"<p>Nou llibre d&#8217;EL TRAPEZIO que inclou el nou Tractat d&#8217;Amistat signat a Trujillo el 2021 i l&#8217;Estrat\u00e8gia Comuna de Desenvolupament Transfronterer subscrita el 2020 entre Espanya i Portugal. Introducci\u00f3 signada per Pablo Castro Abad, Jaume Reixach Riba i Pablo Gonz\u00e1lez Velasco, on es comenten tots dos textos oficials que suposen de facto un marc jur\u00eddic &#8230; <a title=\"ESPANYA I PORTUGAL: UNA NOVA ESTRAT\u00c8GIA IB\u00c8RICA\" class=\"read-more\" href=\"https:\/\/triallibreria.eu\/ca\/publicacio\/espana-i-portugal-una-nova-estrategia-iberica\/\" aria-label=\"M\u00e9s informaci\u00f3 sobre ESPANYA I PORTUGAL: UNA NOVA ESTRAT\u00c8GIA IB\u00c8RICA\">Llegiu m\u00e9s<\/a><\/p>\n","protected":false},"featured_media":7037,"comment_status":"open","ping_status":"closed","template":"","meta":{"_acf_changed":false},"product_brand":[],"product_cat":[35],"product_tag":[],"class_list":{"0":"post-7042","1":"product","2":"type-product","3":"status-publish","4":"has-post-thumbnail","6":"product_cat-llibres","8":"first","9":"instock","10":"taxable","11":"shipping-taxable","12":"purchasable","13":"product-type-simple"},"acf":[],"_links":{"self":[{"href":"https:\/\/triallibreria.eu\/ca\/wp-json\/wp\/v2\/product\/7042","targetHints":{"allow":["GET"]}}],"collection":[{"href":"https:\/\/triallibreria.eu\/ca\/wp-json\/wp\/v2\/product"}],"about":[{"href":"https:\/\/triallibreria.eu\/ca\/wp-json\/wp\/v2\/types\/product"}],"replies":[{"embeddable":true,"href":"https:\/\/triallibreria.eu\/ca\/wp-json\/wp\/v2\/comments?post=7042"}],"wp:featuredmedia":[{"embeddable":true,"href":"https:\/\/triallibreria.eu\/ca\/wp-json\/wp\/v2\/media\/7037"}],"wp:attachment":[{"href":"https:\/\/triallibreria.eu\/ca\/wp-json\/wp\/v2\/media?parent=7042"}],"wp:term":[{"taxonomy":"product_brand","embeddable":true,"href":"https:\/\/triallibreria.eu\/ca\/wp-json\/wp\/v2\/product_brand?post=7042"},{"taxonomy":"product_cat","embeddable":true,"href":"https:\/\/triallibreria.eu\/ca\/wp-json\/wp\/v2\/product_cat?post=7042"},{"taxonomy":"product_tag","embeddable":true,"href":"https:\/\/triallibreria.eu\/ca\/wp-json\/wp\/v2\/product_tag?post=7042"}],"curies":[{"name":"wp","href":"https:\/\/api.w.org\/{rel}","templated":true}]}}