{"id":660,"date":"2022-07-06T00:00:07","date_gmt":"2022-07-06T00:00:07","guid":{"rendered":"https:\/\/triallibreria.eu\/publicacion\/alicia-sanchez-camacho-es-de-nou-lase-de-tots-els-cops\/"},"modified":"2022-07-06T00:00:07","modified_gmt":"2022-07-06T00:00:07","slug":"alicia-sanchez-camacho-ca-de-nou-lase-de-tots-els-cops","status":"publish","type":"product","link":"https:\/\/triallibreria.eu\/ca\/publicacio\/alicia-sanchez-camacho-ca-de-nou-lase-de-tots-els-cops\/","title":{"rendered":"Alicia S\u00e1nchez-Camacho \u00e9s de nou l&#8217;ase de tots els cops"},"content":{"rendered":"<p>La comissi\u00f3 parlament\u00e0ria d&#8217;investigaci\u00f3 de l&#8217;operaci\u00f3 Catalunya situa la senadora del PP a l&#8217;ull de l&#8217;hurac\u00e0 per les confid\u00e8ncies amb el comissari Villarejo<\/p>\n","protected":false},"excerpt":{"rendered":"<p>La comissi\u00f3 parlament\u00e0ria d&#8217;investigaci\u00f3 de l&#8217;operaci\u00f3 Catalunya situa la senadora del PP a l&#8217;ull de l&#8217;hurac\u00e0 per les confid\u00e8ncies amb el comissari Villarejo<\/p>\n","protected":false},"featured_media":659,"comment_status":"open","ping_status":"closed","template":"","meta":{"_acf_changed":false},"product_brand":[],"product_cat":[37],"product_tag":[],"class_list":{"0":"post-660","1":"product","2":"type-product","3":"status-publish","4":"has-post-thumbnail","6":"product_cat-el-triangle-ca","8":"first","9":"instock","10":"virtual","11":"taxable","12":"purchasable","13":"product-type-simple"},"acf":[],"_links":{"self":[{"href":"https:\/\/triallibreria.eu\/ca\/wp-json\/wp\/v2\/product\/660","targetHints":{"allow":["GET"]}}],"collection":[{"href":"https:\/\/triallibreria.eu\/ca\/wp-json\/wp\/v2\/product"}],"about":[{"href":"https:\/\/triallibreria.eu\/ca\/wp-json\/wp\/v2\/types\/product"}],"replies":[{"embeddable":true,"href":"https:\/\/triallibreria.eu\/ca\/wp-json\/wp\/v2\/comments?post=660"}],"wp:featuredmedia":[{"embeddable":true,"href":"https:\/\/triallibreria.eu\/ca\/wp-json\/wp\/v2\/media\/659"}],"wp:attachment":[{"href":"https:\/\/triallibreria.eu\/ca\/wp-json\/wp\/v2\/media?parent=660"}],"wp:term":[{"taxonomy":"product_brand","embeddable":true,"href":"https:\/\/triallibreria.eu\/ca\/wp-json\/wp\/v2\/product_brand?post=660"},{"taxonomy":"product_cat","embeddable":true,"href":"https:\/\/triallibreria.eu\/ca\/wp-json\/wp\/v2\/product_cat?post=660"},{"taxonomy":"product_tag","embeddable":true,"href":"https:\/\/triallibreria.eu\/ca\/wp-json\/wp\/v2\/product_tag?post=660"}],"curies":[{"name":"wp","href":"https:\/\/api.w.org\/{rel}","templated":true}]}}