{"id":5780,"date":"2020-02-05T00:00:57","date_gmt":"2020-02-05T00:00:57","guid":{"rendered":"https:\/\/triallibreria.eu\/publicacion\/la-diputacio-ha-financat-el-diari-digital-de-jose-antich\/"},"modified":"2020-02-05T00:00:57","modified_gmt":"2020-02-05T00:00:57","slug":"la-diputacio-ha-financat-el-diari-digital-de-jose-antich","status":"publish","type":"product","link":"https:\/\/triallibreria.eu\/ca\/publicacio\/la-diputacio-ha-financat-el-diari-digital-de-jose-antich\/","title":{"rendered":"La Diputaci\u00f3 ha finan\u00e7at el diari digital de Jos\u00e9 Antich"},"content":{"rendered":"","protected":false},"excerpt":{"rendered":"","protected":false},"featured_media":5823,"comment_status":"open","ping_status":"closed","template":"","meta":{"_acf_changed":false},"product_brand":[],"product_cat":[37],"product_tag":[],"class_list":{"0":"post-5780","1":"product","2":"type-product","3":"status-publish","4":"has-post-thumbnail","6":"product_cat-el-triangle-ca","8":"first","9":"instock","10":"virtual","11":"sold-individually","12":"taxable","13":"purchasable","14":"product-type-simple"},"acf":[],"_links":{"self":[{"href":"https:\/\/triallibreria.eu\/ca\/wp-json\/wp\/v2\/product\/5780","targetHints":{"allow":["GET"]}}],"collection":[{"href":"https:\/\/triallibreria.eu\/ca\/wp-json\/wp\/v2\/product"}],"about":[{"href":"https:\/\/triallibreria.eu\/ca\/wp-json\/wp\/v2\/types\/product"}],"replies":[{"embeddable":true,"href":"https:\/\/triallibreria.eu\/ca\/wp-json\/wp\/v2\/comments?post=5780"}],"wp:featuredmedia":[{"embeddable":true,"href":"https:\/\/triallibreria.eu\/ca\/wp-json\/wp\/v2\/media\/5823"}],"wp:attachment":[{"href":"https:\/\/triallibreria.eu\/ca\/wp-json\/wp\/v2\/media?parent=5780"}],"wp:term":[{"taxonomy":"product_brand","embeddable":true,"href":"https:\/\/triallibreria.eu\/ca\/wp-json\/wp\/v2\/product_brand?post=5780"},{"taxonomy":"product_cat","embeddable":true,"href":"https:\/\/triallibreria.eu\/ca\/wp-json\/wp\/v2\/product_cat?post=5780"},{"taxonomy":"product_tag","embeddable":true,"href":"https:\/\/triallibreria.eu\/ca\/wp-json\/wp\/v2\/product_tag?post=5780"}],"curies":[{"name":"wp","href":"https:\/\/api.w.org\/{rel}","templated":true}]}}