{"id":3727,"date":"2003-10-27T00:00:10","date_gmt":"2003-10-27T00:00:10","guid":{"rendered":"https:\/\/triallibreria.eu\/publicacion\/mes-dun-miler-de-carrecs-de-confianca-temen-perdre-la-feina\/"},"modified":"2003-10-27T00:00:10","modified_gmt":"2003-10-27T00:00:10","slug":"mes-dun-miler-de-carrecs-de-confianca-temen-perdre-la-feina-2","status":"publish","type":"product","link":"https:\/\/triallibreria.eu\/ca\/publicacio\/mes-dun-miler-de-carrecs-de-confianca-temen-perdre-la-feina-2\/","title":{"rendered":"M\u00e9s d&#8217;un miler de c\u00e0rrecs de confian\u00e7a temen perdre la feina"},"content":{"rendered":"","protected":false},"excerpt":{"rendered":"","protected":false},"featured_media":3726,"comment_status":"open","ping_status":"closed","template":"","meta":{"_acf_changed":false},"product_brand":[],"product_cat":[37],"product_tag":[],"class_list":{"0":"post-3727","1":"product","2":"type-product","3":"status-publish","4":"has-post-thumbnail","6":"product_cat-el-triangle-ca","8":"first","9":"instock","10":"virtual","11":"sold-individually","12":"taxable","13":"purchasable","14":"product-type-simple"},"acf":[],"_links":{"self":[{"href":"https:\/\/triallibreria.eu\/ca\/wp-json\/wp\/v2\/product\/3727","targetHints":{"allow":["GET"]}}],"collection":[{"href":"https:\/\/triallibreria.eu\/ca\/wp-json\/wp\/v2\/product"}],"about":[{"href":"https:\/\/triallibreria.eu\/ca\/wp-json\/wp\/v2\/types\/product"}],"replies":[{"embeddable":true,"href":"https:\/\/triallibreria.eu\/ca\/wp-json\/wp\/v2\/comments?post=3727"}],"wp:featuredmedia":[{"embeddable":true,"href":"https:\/\/triallibreria.eu\/ca\/wp-json\/wp\/v2\/media\/3726"}],"wp:attachment":[{"href":"https:\/\/triallibreria.eu\/ca\/wp-json\/wp\/v2\/media?parent=3727"}],"wp:term":[{"taxonomy":"product_brand","embeddable":true,"href":"https:\/\/triallibreria.eu\/ca\/wp-json\/wp\/v2\/product_brand?post=3727"},{"taxonomy":"product_cat","embeddable":true,"href":"https:\/\/triallibreria.eu\/ca\/wp-json\/wp\/v2\/product_cat?post=3727"},{"taxonomy":"product_tag","embeddable":true,"href":"https:\/\/triallibreria.eu\/ca\/wp-json\/wp\/v2\/product_tag?post=3727"}],"curies":[{"name":"wp","href":"https:\/\/api.w.org\/{rel}","templated":true}]}}