{"id":2499,"date":"2022-12-02T13:37:54","date_gmt":"2022-12-02T13:37:54","guid":{"rendered":"https:\/\/triallibreria.eu\/publicacion\/contra-colau-i-el-col%c2%b7lauisme\/"},"modified":"2023-04-12T14:04:44","modified_gmt":"2023-04-12T14:04:44","slug":"contra-colau-i-el-colauisme","status":"publish","type":"product","link":"https:\/\/triallibreria.eu\/ca\/publicacio\/contra-colau-i-el-colauisme\/","title":{"rendered":"CONTRA COLAU I EL COL\u00b7LAUISME"},"content":{"rendered":"<p>L&#8217;alcaldessa Ada Colau ha estat una decepci\u00f3 i frac\u00e0s per a la ciutat de Barcelona. Aquest llibre-manifest \u00e9s un crit d&#8217;alerta que denuncia, negre sobre blanc, totes les contradiccions i els desastres que ha perpetrat l&#8217;equip municipal dels Comuns durant els vuit anys que governa l&#8217;Ajuntament. Desallotjar Ada Colau i els seus \u00e9s una urg\u00e8ncia si volem que Barcelona recuperi la seva ess\u00e8ncia i vitalitat.<\/p>\n<p>Contra Colau i el Col\u00b7lauisme de Col\u00b7lectiu Ildefons Cerd\u00e0<\/p>\n<p>Idioma: Castell\u00e0<\/p>\n<p>ISBN: 9788479481957<br \/>\n128 p\u00e0gines<\/p>\n<p>Tapa tova<\/p>\n","protected":false},"excerpt":{"rendered":"<p>L&#8217;alcaldessa Ada Colau ha estat una decepci\u00f3 i frac\u00e0s per a la ciutat de Barcelona. Aquest llibre-manifest \u00e9s un crit d&#8217;alerta que denuncia, negre sobre blanc, totes les contradiccions i els desastres que ha perpetrat l&#8217;equip municipal dels Comuns durant els vuit anys que governa l&#8217;Ajuntament. Desallotjar Ada Colau i els seus \u00e9s una urg\u00e8ncia &#8230; <a title=\"CONTRA COLAU I EL COL\u00b7LAUISME\" class=\"read-more\" href=\"https:\/\/triallibreria.eu\/ca\/publicacio\/contra-colau-i-el-colauisme\/\" aria-label=\"M\u00e9s informaci\u00f3 sobre CONTRA COLAU I EL COL\u00b7LAUISME\">Llegiu m\u00e9s<\/a><\/p>\n","protected":false},"featured_media":2498,"comment_status":"open","ping_status":"closed","template":"","meta":{"_acf_changed":false},"product_brand":[],"product_cat":[35],"product_tag":[],"class_list":{"0":"post-2499","1":"product","2":"type-product","3":"status-publish","4":"has-post-thumbnail","6":"product_cat-llibres","8":"first","9":"instock","10":"taxable","11":"shipping-taxable","12":"purchasable","13":"product-type-simple"},"acf":[],"_links":{"self":[{"href":"https:\/\/triallibreria.eu\/ca\/wp-json\/wp\/v2\/product\/2499","targetHints":{"allow":["GET"]}}],"collection":[{"href":"https:\/\/triallibreria.eu\/ca\/wp-json\/wp\/v2\/product"}],"about":[{"href":"https:\/\/triallibreria.eu\/ca\/wp-json\/wp\/v2\/types\/product"}],"replies":[{"embeddable":true,"href":"https:\/\/triallibreria.eu\/ca\/wp-json\/wp\/v2\/comments?post=2499"}],"wp:featuredmedia":[{"embeddable":true,"href":"https:\/\/triallibreria.eu\/ca\/wp-json\/wp\/v2\/media\/2498"}],"wp:attachment":[{"href":"https:\/\/triallibreria.eu\/ca\/wp-json\/wp\/v2\/media?parent=2499"}],"wp:term":[{"taxonomy":"product_brand","embeddable":true,"href":"https:\/\/triallibreria.eu\/ca\/wp-json\/wp\/v2\/product_brand?post=2499"},{"taxonomy":"product_cat","embeddable":true,"href":"https:\/\/triallibreria.eu\/ca\/wp-json\/wp\/v2\/product_cat?post=2499"},{"taxonomy":"product_tag","embeddable":true,"href":"https:\/\/triallibreria.eu\/ca\/wp-json\/wp\/v2\/product_tag?post=2499"}],"curies":[{"name":"wp","href":"https:\/\/api.w.org\/{rel}","templated":true}]}}