{"id":2493,"date":"2022-12-02T13:36:47","date_gmt":"2022-12-02T13:36:47","guid":{"rendered":"https:\/\/triallibreria.eu\/publicacion\/real-madrid-lequip-de-franc\/"},"modified":"2023-04-19T07:42:17","modified_gmt":"2023-04-19T07:42:17","slug":"real-madrid-lequip-de-franc","status":"publish","type":"product","link":"https:\/\/triallibreria.eu\/ca\/publicacio\/real-madrid-lequip-de-franc\/","title":{"rendered":"REIAL MADRID, L&#8217;EQUIP DE FRANCO"},"content":{"rendered":"<p>L&#8217;autor, un eminent especialista de la hist\u00f2ria del futbol, s&#8217;ha capbussat als avatars de la Casa Blanca. Descobreix, per exemple, que el Reial Madrid va ser fundat per un empresari catal\u00e0 i detalla tots els favors que aquest equip va rebre del r\u00e8gim franquista per esdevenir l&#8217;estendard internacional de la dictadura. Un llibre farcit de dades i d&#8217;an\u00e8cdotes que, entre altres episodis, dissecciona l&#8217;esc\u00e0ndol del fitxatge de Di St\u00e9fano.<\/p>\n<p>Reial Madrid, L&#8217;equip de Franco de Frederic de Campos<\/p>\n<p>Idioma: Catal\u00e0<\/p>\n<p>ISBN: 9788409394746<br \/>\n288 p\u00e0gines<\/p>\n<p>Tapa tova<\/p>\n","protected":false},"excerpt":{"rendered":"<p>L&#8217;autor, un eminent especialista de la hist\u00f2ria del futbol, s&#8217;ha capbussat als avatars de la Casa Blanca. Descobreix, per exemple, que el Reial Madrid va ser fundat per un empresari catal\u00e0 i detalla tots els favors que aquest equip va rebre del r\u00e8gim franquista per esdevenir l&#8217;estendard internacional de la dictadura. Un llibre farcit de &#8230; <a title=\"REIAL MADRID, L&#8217;EQUIP DE FRANCO\" class=\"read-more\" href=\"https:\/\/triallibreria.eu\/ca\/publicacio\/real-madrid-lequip-de-franc\/\" aria-label=\"M\u00e9s informaci\u00f3 sobre REIAL MADRID, L&#8217;EQUIP DE FRANCO\">Llegiu m\u00e9s<\/a><\/p>\n","protected":false},"featured_media":2491,"comment_status":"open","ping_status":"closed","template":"","meta":{"_acf_changed":false},"product_brand":[],"product_cat":[35],"product_tag":[],"class_list":{"0":"post-2493","1":"product","2":"type-product","3":"status-publish","4":"has-post-thumbnail","6":"product_cat-llibres","8":"first","9":"instock","10":"taxable","11":"shipping-taxable","12":"purchasable","13":"product-type-simple"},"acf":[],"_links":{"self":[{"href":"https:\/\/triallibreria.eu\/ca\/wp-json\/wp\/v2\/product\/2493","targetHints":{"allow":["GET"]}}],"collection":[{"href":"https:\/\/triallibreria.eu\/ca\/wp-json\/wp\/v2\/product"}],"about":[{"href":"https:\/\/triallibreria.eu\/ca\/wp-json\/wp\/v2\/types\/product"}],"replies":[{"embeddable":true,"href":"https:\/\/triallibreria.eu\/ca\/wp-json\/wp\/v2\/comments?post=2493"}],"wp:featuredmedia":[{"embeddable":true,"href":"https:\/\/triallibreria.eu\/ca\/wp-json\/wp\/v2\/media\/2491"}],"wp:attachment":[{"href":"https:\/\/triallibreria.eu\/ca\/wp-json\/wp\/v2\/media?parent=2493"}],"wp:term":[{"taxonomy":"product_brand","embeddable":true,"href":"https:\/\/triallibreria.eu\/ca\/wp-json\/wp\/v2\/product_brand?post=2493"},{"taxonomy":"product_cat","embeddable":true,"href":"https:\/\/triallibreria.eu\/ca\/wp-json\/wp\/v2\/product_cat?post=2493"},{"taxonomy":"product_tag","embeddable":true,"href":"https:\/\/triallibreria.eu\/ca\/wp-json\/wp\/v2\/product_tag?post=2493"}],"curies":[{"name":"wp","href":"https:\/\/api.w.org\/{rel}","templated":true}]}}