{"id":1030,"date":"1990-10-29T00:00:47","date_gmt":"1990-10-29T00:00:47","guid":{"rendered":"https:\/\/triallibreria.eu\/publicacion\/si-voste-es-observador-aviat-llegira-la-vanguardia\/"},"modified":"1990-10-29T00:00:47","modified_gmt":"1990-10-29T00:00:47","slug":"si-ca-voste-observador-aviat-llegir-la-avantguarda","status":"publish","type":"product","link":"https:\/\/triallibreria.eu\/ca\/publicacio\/si-ca-voste-observador-aviat-llegir-la-avantguarda\/","title":{"rendered":"&#8220;Si vost\u00e8 \u00e9s observador aviat llegir\u00e0 LA VANGUARDIA&#8221;"},"content":{"rendered":"","protected":false},"excerpt":{"rendered":"","protected":false},"featured_media":1029,"comment_status":"open","ping_status":"closed","template":"","meta":{"_acf_changed":false},"product_brand":[],"product_cat":[37],"product_tag":[],"class_list":{"0":"post-1030","1":"product","2":"type-product","3":"status-publish","4":"has-post-thumbnail","6":"product_cat-el-triangle-ca","8":"first","9":"instock","10":"virtual","11":"sold-individually","12":"taxable","13":"purchasable","14":"product-type-simple"},"acf":[],"_links":{"self":[{"href":"https:\/\/triallibreria.eu\/ca\/wp-json\/wp\/v2\/product\/1030","targetHints":{"allow":["GET"]}}],"collection":[{"href":"https:\/\/triallibreria.eu\/ca\/wp-json\/wp\/v2\/product"}],"about":[{"href":"https:\/\/triallibreria.eu\/ca\/wp-json\/wp\/v2\/types\/product"}],"replies":[{"embeddable":true,"href":"https:\/\/triallibreria.eu\/ca\/wp-json\/wp\/v2\/comments?post=1030"}],"wp:featuredmedia":[{"embeddable":true,"href":"https:\/\/triallibreria.eu\/ca\/wp-json\/wp\/v2\/media\/1029"}],"wp:attachment":[{"href":"https:\/\/triallibreria.eu\/ca\/wp-json\/wp\/v2\/media?parent=1030"}],"wp:term":[{"taxonomy":"product_brand","embeddable":true,"href":"https:\/\/triallibreria.eu\/ca\/wp-json\/wp\/v2\/product_brand?post=1030"},{"taxonomy":"product_cat","embeddable":true,"href":"https:\/\/triallibreria.eu\/ca\/wp-json\/wp\/v2\/product_cat?post=1030"},{"taxonomy":"product_tag","embeddable":true,"href":"https:\/\/triallibreria.eu\/ca\/wp-json\/wp\/v2\/product_tag?post=1030"}],"curies":[{"name":"wp","href":"https:\/\/api.w.org\/{rel}","templated":true}]}}